{"id":36,"date":"2022-06-13T21:22:59","date_gmt":"2022-06-13T19:22:59","guid":{"rendered":"http:\/\/latoiledumenuisier.fr\/?page_id=36"},"modified":"2025-12-11T16:37:56","modified_gmt":"2025-12-11T15:37:56","slug":"accueil","status":"publish","type":"page","link":"https:\/\/latoiledumenuisier.fr\/","title":{"rendered":"Accueil"},"content":{"rendered":"\t\t<div data-elementor-type=\"wp-page\" data-elementor-id=\"36\" class=\"elementor elementor-36\" data-elementor-post-type=\"page\">\n\t\t\t\t<div class=\"elementor-element elementor-element-c88eb4d e-flex e-con-boxed e-con e-parent\" data-id=\"c88eb4d\" data-element_type=\"container\" data-e-type=\"container\" data-settings=\"{&quot;background_background&quot;:&quot;classic&quot;}\">\n\t\t\t\t\t<div class=\"e-con-inner\">\n\t\t<div class=\"elementor-element elementor-element-dffe224 e-con-full e-flex e-con e-child\" data-id=\"dffe224\" data-element_type=\"container\" data-e-type=\"container\">\n\t\t\t\t<div class=\"elementor-element elementor-element-c3ff35a elementor-widget elementor-widget-image\" data-id=\"c3ff35a\" data-element_type=\"widget\" data-e-type=\"widget\" data-widget_type=\"image.default\">\n\t\t\t\t<div class=\"elementor-widget-container\">\n\t\t\t\t\t\t\t\t\t\t\t\t\t\t\t<img fetchpriority=\"high\" decoding=\"async\" width=\"1024\" height=\"596\" src=\"https:\/\/i0.wp.com\/latoiledumenuisier.fr\/wp-content\/uploads\/2022\/07\/LA-TOILE-DU-MENUISIER-LOGO-FINALE.png?fit=1024%2C596&amp;ssl=1\" class=\"attachment-large size-large wp-image-65\" alt=\"\" srcset=\"https:\/\/i0.wp.com\/latoiledumenuisier.fr\/wp-content\/uploads\/2022\/07\/LA-TOILE-DU-MENUISIER-LOGO-FINALE.png?w=1726&amp;ssl=1 1726w, https:\/\/i0.wp.com\/latoiledumenuisier.fr\/wp-content\/uploads\/2022\/07\/LA-TOILE-DU-MENUISIER-LOGO-FINALE.png?resize=300%2C175&amp;ssl=1 300w, https:\/\/i0.wp.com\/latoiledumenuisier.fr\/wp-content\/uploads\/2022\/07\/LA-TOILE-DU-MENUISIER-LOGO-FINALE.png?resize=1024%2C596&amp;ssl=1 1024w, https:\/\/i0.wp.com\/latoiledumenuisier.fr\/wp-content\/uploads\/2022\/07\/LA-TOILE-DU-MENUISIER-LOGO-FINALE.png?resize=768%2C447&amp;ssl=1 768w, https:\/\/i0.wp.com\/latoiledumenuisier.fr\/wp-content\/uploads\/2022\/07\/LA-TOILE-DU-MENUISIER-LOGO-FINALE.png?resize=1536%2C893&amp;ssl=1 1536w\" sizes=\"(max-width: 1024px) 100vw, 1024px\" \/>\t\t\t\t\t\t\t\t\t\t\t\t\t\t\t<\/div>\n\t\t\t\t<\/div>\n\t\t\t\t<div class=\"elementor-element elementor-element-3832224 elementor-widget elementor-widget-spacer\" data-id=\"3832224\" data-element_type=\"widget\" data-e-type=\"widget\" data-widget_type=\"spacer.default\">\n\t\t\t\t<div class=\"elementor-widget-container\">\n\t\t\t\t\t\t\t<div class=\"elementor-spacer\">\n\t\t\t<div class=\"elementor-spacer-inner\"><\/div>\n\t\t<\/div>\n\t\t\t\t\t\t<\/div>\n\t\t\t\t<\/div>\n\t\t\t\t<div class=\"elementor-element elementor-element-61050e9 elementor-widget elementor-widget-heading\" data-id=\"61050e9\" data-element_type=\"widget\" data-e-type=\"widget\" data-settings=\"{&quot;_animation_mobile&quot;:&quot;none&quot;}\" data-widget_type=\"heading.default\">\n\t\t\t\t<div class=\"elementor-widget-container\">\n\t\t\t\t\t<p class=\"elementor-heading-title elementor-size-default\">Besoin de r\u00e9nover, d'am\u00e9liorer le confort de votre habitat ?<\/p>\t\t\t\t<\/div>\n\t\t\t\t<\/div>\n\t\t\t\t<div class=\"elementor-element elementor-element-3645edf elementor-widget elementor-widget-heading\" data-id=\"3645edf\" data-element_type=\"widget\" data-e-type=\"widget\" data-widget_type=\"heading.default\">\n\t\t\t\t<div class=\"elementor-widget-container\">\n\t\t\t\t\t<h2 class=\"elementor-heading-title elementor-size-default\">La Toile du Menuisier est \u00e0 votre service<\/h2>\t\t\t\t<\/div>\n\t\t\t\t<\/div>\n\t\t<div class=\"elementor-element elementor-element-8a21818 elementor-hidden-desktop elementor-hidden-tablet e-con-full e-flex e-con e-child\" data-id=\"8a21818\" data-element_type=\"container\" data-e-type=\"container\">\n\t\t<div class=\"elementor-element elementor-element-b92150f e-con-full e-flex e-con e-child\" data-id=\"b92150f\" data-element_type=\"container\" data-e-type=\"container\">\n\t\t\t\t<div class=\"elementor-element elementor-element-81d3ecb elementor-view-framed elementor-shape-circle elementor-widget elementor-widget-icon\" data-id=\"81d3ecb\" data-element_type=\"widget\" data-e-type=\"widget\" data-widget_type=\"icon.default\">\n\t\t\t\t<div class=\"elementor-widget-container\">\n\t\t\t\t\t\t\t<div class=\"elementor-icon-wrapper\">\n\t\t\t<a class=\"elementor-icon\" href=\"tel:0616490565\">\n\t\t\t<i aria-hidden=\"true\" class=\"fas fa-phone\"><\/i>\t\t\t<\/a>\n\t\t<\/div>\n\t\t\t\t\t\t<\/div>\n\t\t\t\t<\/div>\n\t\t\t\t<\/div>\n\t\t<div class=\"elementor-element elementor-element-2987baa e-con-full e-flex e-con e-child\" data-id=\"2987baa\" data-element_type=\"container\" data-e-type=\"container\">\n\t\t\t\t<div class=\"elementor-element elementor-element-89852ab elementor-view-framed elementor-shape-circle elementor-widget elementor-widget-icon\" data-id=\"89852ab\" data-element_type=\"widget\" data-e-type=\"widget\" data-widget_type=\"icon.default\">\n\t\t\t\t<div class=\"elementor-widget-container\">\n\t\t\t\t\t\t\t<div class=\"elementor-icon-wrapper\">\n\t\t\t<a class=\"elementor-icon\" href=\"mailto:latoiledumenuisier@gmail.com\">\n\t\t\t<i aria-hidden=\"true\" class=\"far fa-envelope\"><\/i>\t\t\t<\/a>\n\t\t<\/div>\n\t\t\t\t\t\t<\/div>\n\t\t\t\t<\/div>\n\t\t\t\t<\/div>\n\t\t\t\t<\/div>\n\t\t\t\t<div class=\"elementor-element elementor-element-99ccc0f elementor-hidden-desktop elementor-hidden-tablet elementor-widget elementor-widget-spacer\" data-id=\"99ccc0f\" data-element_type=\"widget\" data-e-type=\"widget\" data-widget_type=\"spacer.default\">\n\t\t\t\t<div class=\"elementor-widget-container\">\n\t\t\t\t\t\t\t<div class=\"elementor-spacer\">\n\t\t\t<div class=\"elementor-spacer-inner\"><\/div>\n\t\t<\/div>\n\t\t\t\t\t\t<\/div>\n\t\t\t\t<\/div>\n\t\t<div class=\"elementor-element elementor-element-03764fe elementor-hidden-mobile e-con-full e-flex e-con e-child\" data-id=\"03764fe\" data-element_type=\"container\" data-e-type=\"container\">\n\t\t<div class=\"elementor-element elementor-element-eed5b4e e-con-full e-flex e-con e-child\" data-id=\"eed5b4e\" data-element_type=\"container\" data-e-type=\"container\">\n\t\t\t\t<div class=\"elementor-element elementor-element-d975386 elementor-widget elementor-widget-premium-addon-image-button\" data-id=\"d975386\" data-element_type=\"widget\" data-e-type=\"widget\" data-settings=\"{&quot;_animation_tablet&quot;:&quot;none&quot;,&quot;_animation_mobile&quot;:&quot;none&quot;}\" data-widget_type=\"premium-addon-image-button.default\">\n\t\t\t\t<div class=\"elementor-widget-container\">\n\t\t\t\t\t\n\t\t<a class=\"premium-image-button-none premium-image-button premium-btn-lg premium-image-button-none\" href=\"tel:0616490565\">\n\t\t\t<div class=\"premium-image-button-text-icon-wrapper\">\n\n\t\t\t\t\n\t\t\t\t\t\t\t\t\t<span >\n\t\t\t\t\t\t06 16 49 05 65\t\t\t\t\t<\/span>\n\t\t\t\t\n\t\t\t<\/div>\n\n\t\t\t\n\t\t\t\n\t\t\t\n\t\t<\/a>\n\n\t\t\t\t\t\t<\/div>\n\t\t\t\t<\/div>\n\t\t\t\t<\/div>\n\t\t<div class=\"elementor-element elementor-element-7e69aa9 e-con-full e-flex e-con e-child\" data-id=\"7e69aa9\" data-element_type=\"container\" data-e-type=\"container\">\n\t\t\t\t<div class=\"elementor-element elementor-element-f90926b elementor-widget elementor-widget-premium-addon-image-button\" data-id=\"f90926b\" data-element_type=\"widget\" data-e-type=\"widget\" data-settings=\"{&quot;_animation_tablet&quot;:&quot;none&quot;,&quot;_animation_mobile&quot;:&quot;none&quot;}\" data-widget_type=\"premium-addon-image-button.default\">\n\t\t\t\t<div class=\"elementor-widget-container\">\n\t\t\t\t\t\n\t\t<a class=\"premium-image-button-none premium-image-button premium-btn-md premium-image-button-none\" href=\"mailto:latoiledumenuisier@gmail.com\">\n\t\t\t<div class=\"premium-image-button-text-icon-wrapper\">\n\n\t\t\t\t\n\t\t\t\t\t\t\t\t\t<span >\n\t\t\t\t\t\tlatoiledumenuisier@gmail.com\t\t\t\t\t<\/span>\n\t\t\t\t\n\t\t\t<\/div>\n\n\t\t\t\n\t\t\t\n\t\t\t\n\t\t<\/a>\n\n\t\t\t\t\t\t<\/div>\n\t\t\t\t<\/div>\n\t\t\t\t<\/div>\n\t\t\t\t<\/div>\n\t\t\t\t<div class=\"elementor-element elementor-element-1e65593 elementor-widget elementor-widget-spacer\" data-id=\"1e65593\" data-element_type=\"widget\" data-e-type=\"widget\" data-widget_type=\"spacer.default\">\n\t\t\t\t<div class=\"elementor-widget-container\">\n\t\t\t\t\t\t\t<div class=\"elementor-spacer\">\n\t\t\t<div class=\"elementor-spacer-inner\"><\/div>\n\t\t<\/div>\n\t\t\t\t\t\t<\/div>\n\t\t\t\t<\/div>\n\t\t<div class=\"elementor-element elementor-element-3e5a99b e-con-full e-flex e-con e-child\" data-id=\"3e5a99b\" data-element_type=\"container\" data-e-type=\"container\">\n\t\t<div class=\"elementor-element elementor-element-87bc4bc e-grid e-con-full e-con e-child\" data-id=\"87bc4bc\" data-element_type=\"container\" data-e-type=\"container\">\n\t\t\t\t<div class=\"elementor-element elementor-element-a2ee4d9 elementor-widget elementor-widget-premium-addon-banner\" data-id=\"a2ee4d9\" data-element_type=\"widget\" data-e-type=\"widget\" data-widget_type=\"premium-addon-banner.default\">\n\t\t\t\t<div class=\"elementor-widget-container\">\n\t\t\t\t\t\t\t<div class=\"premium-banner-ib premium-banner-min-height premium-banner-animation2 none premium-banner__effect-type1\">\n\t\t\t\t\t\t\t\t\t\t<img decoding=\"async\" width=\"1440\" height=\"810\" src=\"https:\/\/i0.wp.com\/latoiledumenuisier.fr\/wp-content\/uploads\/2025\/03\/Serrurerie.webp?fit=1440%2C810&amp;ssl=1\" class=\"attachment-full size-full wp-image-1132\" alt=\"Serice de serrureie avec Ouvre-moi la Porte en Savoie\" srcset=\"https:\/\/i0.wp.com\/latoiledumenuisier.fr\/wp-content\/uploads\/2025\/03\/Serrurerie.webp?w=1440&amp;ssl=1 1440w, https:\/\/i0.wp.com\/latoiledumenuisier.fr\/wp-content\/uploads\/2025\/03\/Serrurerie.webp?resize=300%2C169&amp;ssl=1 300w, https:\/\/i0.wp.com\/latoiledumenuisier.fr\/wp-content\/uploads\/2025\/03\/Serrurerie.webp?resize=1024%2C576&amp;ssl=1 1024w, https:\/\/i0.wp.com\/latoiledumenuisier.fr\/wp-content\/uploads\/2025\/03\/Serrurerie.webp?resize=768%2C432&amp;ssl=1 768w, https:\/\/i0.wp.com\/latoiledumenuisier.fr\/wp-content\/uploads\/2025\/03\/Serrurerie.webp?resize=800%2C450&amp;ssl=1 800w\" sizes=\"(max-width: 1200px) 100vw, 1200px\" \/>\t\t\t\t\t\t\t\t\t<div class=\"premium-banner-ib-desc\">\n\t\t\t\t\n\t\t\t\t\t\t\t\t\t<h3 class=\"premium-banner-ib-title premium_banner_title\">\n\t\t\t\t\t\tSerrurerie\t\t\t\t\t<\/h3>\n\t\t\t\t\n\t\t\t\t\t\t\t\t\t<div class=\"premium-banner-ib-content premium_banner_content\">\n\t\t\t\t\t\t<p><strong>Ouvre-moi la porte<\/strong>, serrurier professionnel pour vos urgence ou travaux de serrurerie. Disponible 24h\/24 et 7j\/7 en Savoie.<\/p>\t\t\t\t\t<\/div>\n\t\t\t\t\n\t\t\t\t\n\t\t\t\t\t\t\t<\/div>\n\t\t\t\t\t\t\t<a href=\"https:\/\/ouvremoilaporte.fr\/\" class=\"premium-banner-ib-link\"><\/a>\n\t\t\t\t\t<\/div>\n\n\t\t\t\t\t\t<\/div>\n\t\t\t\t<\/div>\n\t\t\t\t<div class=\"elementor-element elementor-element-59d2ae0 elementor-widget elementor-widget-premium-addon-banner\" data-id=\"59d2ae0\" data-element_type=\"widget\" data-e-type=\"widget\" data-widget_type=\"premium-addon-banner.default\">\n\t\t\t\t<div class=\"elementor-widget-container\">\n\t\t\t\t\t\t\t<div class=\"premium-banner-ib premium-banner-min-height premium-banner-animation2 none premium-banner__effect-type1\">\n\t\t\t\t\t\t\t\t\t\t<img decoding=\"async\" width=\"1440\" height=\"811\" src=\"https:\/\/i0.wp.com\/latoiledumenuisier.fr\/wp-content\/uploads\/2025\/03\/Vitrage-1.webp?fit=1440%2C811&amp;ssl=1\" class=\"attachment-full size-full wp-image-1133\" alt=\"Service de menuiserie en Savoie avec La Toile du Menuisier\" srcset=\"https:\/\/i0.wp.com\/latoiledumenuisier.fr\/wp-content\/uploads\/2025\/03\/Vitrage-1.webp?w=1440&amp;ssl=1 1440w, https:\/\/i0.wp.com\/latoiledumenuisier.fr\/wp-content\/uploads\/2025\/03\/Vitrage-1.webp?resize=300%2C169&amp;ssl=1 300w, https:\/\/i0.wp.com\/latoiledumenuisier.fr\/wp-content\/uploads\/2025\/03\/Vitrage-1.webp?resize=1024%2C577&amp;ssl=1 1024w, https:\/\/i0.wp.com\/latoiledumenuisier.fr\/wp-content\/uploads\/2025\/03\/Vitrage-1.webp?resize=768%2C433&amp;ssl=1 768w, https:\/\/i0.wp.com\/latoiledumenuisier.fr\/wp-content\/uploads\/2025\/03\/Vitrage-1.webp?resize=800%2C450&amp;ssl=1 800w\" sizes=\"(max-width: 1200px) 100vw, 1200px\" \/>\t\t\t\t\t\t\t\t\t<div class=\"premium-banner-ib-desc\">\n\t\t\t\t\n\t\t\t\t\t\t\t\t\t<h3 class=\"premium-banner-ib-title premium_banner_title\">\n\t\t\t\t\t\tMenuiserie\t\t\t\t\t<\/h3>\n\t\t\t\t\n\t\t\t\t\t\t\t\t\t<div class=\"premium-banner-ib-content premium_banner_content\">\n\t\t\t\t\t\t<p>Menuiseries, plafonds tendus, vitreries. Faites appel \u00e0 La Toile du Menuisier \u00e0 Chamb\u00e9ry en Savoie.<\/p>\t\t\t\t\t<\/div>\n\t\t\t\t\n\t\t\t\t\n\t\t\t\t\t\t\t<\/div>\n\t\t\t\t\t\t\t<a href=\"https:\/\/latoiledumenuisier.fr\/index.php\/la-menuiserie\/\" class=\"premium-banner-ib-link\"><\/a>\n\t\t\t\t\t<\/div>\n\n\t\t\t\t\t\t<\/div>\n\t\t\t\t<\/div>\n\t\t\t\t<\/div>\n\t\t\t\t<\/div>\n\t\t<div class=\"elementor-element elementor-element-7f2aa4b e-con-full elementor-hidden-desktop elementor-hidden-tablet e-flex e-con e-child\" data-id=\"7f2aa4b\" data-element_type=\"container\" data-e-type=\"container\">\n\t\t\t\t<\/div>\n\t\t\t\t<\/div>\n\t\t\t\t\t<\/div>\n\t\t\t\t<\/div>\n\t\t<footer class=\"elementor-element elementor-element-1068f06 e-con-full e-flex e-con e-parent\" data-id=\"1068f06\" data-element_type=\"container\" data-e-type=\"container\" data-settings=\"{&quot;background_background&quot;:&quot;classic&quot;}\">\n\t\t<div class=\"elementor-element elementor-element-fd1154f e-con-full e-flex e-con e-child\" data-id=\"fd1154f\" data-element_type=\"container\" data-e-type=\"container\">\n\t\t<div class=\"elementor-element elementor-element-bd1b108 e-con-full e-flex e-con e-child\" data-id=\"bd1b108\" data-element_type=\"container\" data-e-type=\"container\">\n\t\t\t\t<div class=\"elementor-element elementor-element-4c1bf2a elementor-widget elementor-widget-heading\" data-id=\"4c1bf2a\" data-element_type=\"widget\" data-e-type=\"widget\" data-widget_type=\"heading.default\">\n\t\t\t\t<div class=\"elementor-widget-container\">\n\t\t\t\t\t<p class=\"elementor-heading-title elementor-size-default\">\u00a92025 La Toile du Menuisier.<\/p>\t\t\t\t<\/div>\n\t\t\t\t<\/div>\n\t\t\t\t<div class=\"elementor-element elementor-element-7b62453 elementor-widget elementor-widget-heading\" data-id=\"7b62453\" data-element_type=\"widget\" data-e-type=\"widget\" data-widget_type=\"heading.default\">\n\t\t\t\t<div class=\"elementor-widget-container\">\n\t\t\t\t\t<p class=\"elementor-heading-title elementor-size-default\"><a href=\"https:\/\/latoiledumenuisier.fr\/index.php\/mentions-legales\/\">Mentions l\u00e9gales.<\/a><\/p>\t\t\t\t<\/div>\n\t\t\t\t<\/div>\n\t\t\t\t<\/div>\n\t\t<div class=\"elementor-element elementor-element-cb2e6ee e-con-full e-flex e-con e-child\" data-id=\"cb2e6ee\" data-element_type=\"container\" data-e-type=\"container\">\n\t\t\t\t<div class=\"elementor-element elementor-element-873c9b0 elementor-view-framed elementor-shape-circle elementor-widget elementor-widget-icon\" data-id=\"873c9b0\" data-element_type=\"widget\" data-e-type=\"widget\" data-widget_type=\"icon.default\">\n\t\t\t\t<div class=\"elementor-widget-container\">\n\t\t\t\t\t\t\t<div class=\"elementor-icon-wrapper\">\n\t\t\t<a class=\"elementor-icon\" href=\"tel:0616490565\">\n\t\t\t<i aria-hidden=\"true\" class=\"fas fa-phone-alt\"><\/i>\t\t\t<\/a>\n\t\t<\/div>\n\t\t\t\t\t\t<\/div>\n\t\t\t\t<\/div>\n\t\t\t\t<div class=\"elementor-element elementor-element-00e88e9 elementor-view-framed elementor-shape-circle elementor-widget elementor-widget-icon\" data-id=\"00e88e9\" data-element_type=\"widget\" data-e-type=\"widget\" data-widget_type=\"icon.default\">\n\t\t\t\t<div class=\"elementor-widget-container\">\n\t\t\t\t\t\t\t<div class=\"elementor-icon-wrapper\">\n\t\t\t<a class=\"elementor-icon\" href=\"mailto:latoiledumenuisier@gmail.com\">\n\t\t\t<i aria-hidden=\"true\" class=\"far fa-envelope\"><\/i>\t\t\t<\/a>\n\t\t<\/div>\n\t\t\t\t\t\t<\/div>\n\t\t\t\t<\/div>\n\t\t\t\t<\/div>\n\t\t<div class=\"elementor-element elementor-element-e651f71 e-con-full e-flex e-con e-child\" data-id=\"e651f71\" data-element_type=\"container\" data-e-type=\"container\">\n\t\t\t\t<div class=\"elementor-element elementor-element-e5c6bb0 elementor-widget elementor-widget-heading\" data-id=\"e5c6bb0\" data-element_type=\"widget\" data-e-type=\"widget\" data-widget_type=\"heading.default\">\n\t\t\t\t<div class=\"elementor-widget-container\">\n\t\t\t\t\t<p class=\"elementor-heading-title elementor-size-default\">Conception : White Paper Communication<\/p>\t\t\t\t<\/div>\n\t\t\t\t<\/div>\n\t\t\t\t<\/div>\n\t\t\t\t<\/div>\n\t\t\t\t<\/footer>\n\t\t\t\t<\/div>\n\t\t","protected":false},"excerpt":{"rendered":"<p>Besoin de r\u00e9nover, d&rsquo;am\u00e9liorer le confort de votre habitat ? La Toile du Menuisier est \u00e0 votre service 06 16 49 05 65 latoiledumenuisier@gmail.com Serrurerie Ouvre-moi la porte, serrurier professionnel pour vos urgence ou travaux de serrurerie. Disponible 24h\/24 et 7j\/7 en Savoie. Menuiserie Menuiseries, plafonds tendus, vitreries. Faites appel \u00e0 La Toile du Menuisier [&hellip;]<\/p>\n","protected":false},"author":2,"featured_media":0,"parent":0,"menu_order":0,"comment_status":"closed","ping_status":"closed","template":"elementor_header_footer","meta":{"om_disable_all_campaigns":false,"_monsterinsights_skip_tracking":false,"_monsterinsights_sitenote_active":false,"_monsterinsights_sitenote_note":"","_monsterinsights_sitenote_category":0,"footnotes":""},"class_list":["post-36","page","type-page","status-publish","hentry","entry"],"aioseo_notices":[],"jetpack_sharing_enabled":true,"_links":{"self":[{"href":"https:\/\/latoiledumenuisier.fr\/index.php\/wp-json\/wp\/v2\/pages\/36","targetHints":{"allow":["GET"]}}],"collection":[{"href":"https:\/\/latoiledumenuisier.fr\/index.php\/wp-json\/wp\/v2\/pages"}],"about":[{"href":"https:\/\/latoiledumenuisier.fr\/index.php\/wp-json\/wp\/v2\/types\/page"}],"author":[{"embeddable":true,"href":"https:\/\/latoiledumenuisier.fr\/index.php\/wp-json\/wp\/v2\/users\/2"}],"replies":[{"embeddable":true,"href":"https:\/\/latoiledumenuisier.fr\/index.php\/wp-json\/wp\/v2\/comments?post=36"}],"version-history":[{"count":189,"href":"https:\/\/latoiledumenuisier.fr\/index.php\/wp-json\/wp\/v2\/pages\/36\/revisions"}],"predecessor-version":[{"id":1388,"href":"https:\/\/latoiledumenuisier.fr\/index.php\/wp-json\/wp\/v2\/pages\/36\/revisions\/1388"}],"wp:attachment":[{"href":"https:\/\/latoiledumenuisier.fr\/index.php\/wp-json\/wp\/v2\/media?parent=36"}],"curies":[{"name":"wp","href":"https:\/\/api.w.org\/{rel}","templated":true}]}}