{"id":437,"date":"2022-08-30T20:43:55","date_gmt":"2022-08-30T18:43:55","guid":{"rendered":"http:\/\/latoiledumenuisier.fr\/?page_id=437"},"modified":"2025-07-03T16:31:30","modified_gmt":"2025-07-03T14:31:30","slug":"agencement","status":"publish","type":"page","link":"https:\/\/latoiledumenuisier.fr\/index.php\/agencement\/","title":{"rendered":"Agencement"},"content":{"rendered":"\t\t<div data-elementor-type=\"wp-page\" data-elementor-id=\"437\" class=\"elementor elementor-437\" data-elementor-post-type=\"page\">\n\t\t\t\t<div class=\"elementor-element elementor-element-929e4ba e-flex e-con-boxed e-con e-parent\" data-id=\"929e4ba\" data-element_type=\"container\" data-e-type=\"container\" data-settings=\"{&quot;background_background&quot;:&quot;classic&quot;}\">\n\t\t\t\t\t<div class=\"e-con-inner\">\n\t\t<div class=\"elementor-element elementor-element-2483d22 e-flex e-con-boxed e-con e-child\" data-id=\"2483d22\" data-element_type=\"container\" data-e-type=\"container\">\n\t\t\t\t\t<div class=\"e-con-inner\">\n\t\t\t\t<div class=\"elementor-element elementor-element-d5a3188 elementor-widget elementor-widget-heading\" data-id=\"d5a3188\" data-element_type=\"widget\" data-e-type=\"widget\" data-settings=\"{&quot;_animation_mobile&quot;:&quot;none&quot;}\" data-widget_type=\"heading.default\">\n\t\t\t\t<div class=\"elementor-widget-container\">\n\t\t\t\t\t<p class=\"elementor-heading-title elementor-size-default\">R\u00e9novation en embellissement<\/p>\t\t\t\t<\/div>\n\t\t\t\t<\/div>\n\t\t\t\t<div class=\"elementor-element elementor-element-fb7f2db elementor-widget elementor-widget-heading\" data-id=\"fb7f2db\" data-element_type=\"widget\" data-e-type=\"widget\" data-widget_type=\"heading.default\">\n\t\t\t\t<div class=\"elementor-widget-container\">\n\t\t\t\t\t<h2 class=\"elementor-heading-title elementor-size-default\">Un projet d'agencement d'interieur ou de r\u00e9novation de votre habitat ?<\/h2>\t\t\t\t<\/div>\n\t\t\t\t<\/div>\n\t\t\t\t<div class=\"elementor-element elementor-element-43f618d elementor-widget elementor-widget-text-editor\" data-id=\"43f618d\" data-element_type=\"widget\" data-e-type=\"widget\" data-widget_type=\"text-editor.default\">\n\t\t\t\t<div class=\"elementor-widget-container\">\n\t\t\t\t\t\t\t\t\t<p>La Toile du menuisier et en partenariat avec Sdeco pour la r\u00e9novation int\u00e9rieure, EFC Elec pour vos installations \u00e9lectriques int\u00e9rieures et ext\u00e9rieures et La Maison des Travaux pour la gestion compl\u00e8te de votre projet de r\u00e9novation ou construction.\u00a0<\/p><p>Gr\u00e2ce \u00e0 ce partenariat, nous sommes en capacit\u00e9 de vous offrir un service complet de qualit\u00e9. Un interlocuteur unique pour votre projet, c&rsquo;est une gestion simplifi\u00e9 et une rapidit\u00e9 sans pr\u00e9c\u00e9dent. Vous proposer nos services pour l&rsquo;am\u00e9nagement et la r\u00e9novation de votre habitat, du sol au plafond afin de satisfaire toutes vos envies de r\u00e9novation.<\/p><p>Sols (parquets, carrelage&#8230;), cuisine, dressing, placo, peinture, plafonds et murs en toiles tendues, menuiserie (fen\u00eatres PVC, bois et alu), volet roulant, porte de garage, portail&#8230;<\/p>\t\t\t\t\t\t\t\t<\/div>\n\t\t\t\t<\/div>\n\t\t<div class=\"elementor-element elementor-element-48bfa9f e-con-full e-flex e-con e-child\" data-id=\"48bfa9f\" data-element_type=\"container\" data-e-type=\"container\">\n\t\t\t\t<div class=\"elementor-element elementor-element-e0c648b elementor-widget elementor-widget-premium-addon-image-button\" data-id=\"e0c648b\" data-element_type=\"widget\" data-e-type=\"widget\" data-settings=\"{&quot;_animation_tablet&quot;:&quot;none&quot;,&quot;_animation_mobile&quot;:&quot;none&quot;}\" data-widget_type=\"premium-addon-image-button.default\">\n\t\t\t\t<div class=\"elementor-widget-container\">\n\t\t\t\t\t\n\t\t<a class=\"premium-image-button-none premium-image-button premium-btn-md premium-image-button-none\" href=\"tel:0616490565\">\n\t\t\t<div class=\"premium-image-button-text-icon-wrapper\">\n\n\t\t\t\t\n\t\t\t\t\t\t\t\t\t<span >\n\t\t\t\t\t\t06 16 49 05 65\t\t\t\t\t<\/span>\n\t\t\t\t\n\t\t\t<\/div>\n\n\t\t\t\n\t\t\t\n\t\t\t\n\t\t<\/a>\n\n\t\t\t\t\t\t<\/div>\n\t\t\t\t<\/div>\n\t\t\t\t<div class=\"elementor-element elementor-element-0b3ae15 elementor-widget elementor-widget-premium-addon-image-button\" data-id=\"0b3ae15\" data-element_type=\"widget\" data-e-type=\"widget\" data-settings=\"{&quot;_animation_tablet&quot;:&quot;none&quot;,&quot;_animation_mobile&quot;:&quot;none&quot;}\" data-widget_type=\"premium-addon-image-button.default\">\n\t\t\t\t<div class=\"elementor-widget-container\">\n\t\t\t\t\t\n\t\t<a class=\"premium-image-button-none premium-image-button premium-btn-md premium-image-button-none\" href=\"mailto:latoiledumenuisier@gmail.com\">\n\t\t\t<div class=\"premium-image-button-text-icon-wrapper\">\n\n\t\t\t\t\n\t\t\t\t\t\t\t\t\t<span >\n\t\t\t\t\t\tlatoiledumenuisier@gmail.com\t\t\t\t\t<\/span>\n\t\t\t\t\n\t\t\t<\/div>\n\n\t\t\t\n\t\t\t\n\t\t\t\n\t\t<\/a>\n\n\t\t\t\t\t\t<\/div>\n\t\t\t\t<\/div>\n\t\t\t\t<\/div>\n\t\t\t\t\t<\/div>\n\t\t\t\t<\/div>\n\t\t<div class=\"elementor-element elementor-element-69a9330 e-flex e-con-boxed e-con e-child\" data-id=\"69a9330\" data-element_type=\"container\" data-e-type=\"container\">\n\t\t\t\t\t<div class=\"e-con-inner\">\n\t\t\t\t<div class=\"elementor-element elementor-element-3594a78 elementor-widget elementor-widget-image\" data-id=\"3594a78\" data-element_type=\"widget\" data-e-type=\"widget\" data-widget_type=\"image.default\">\n\t\t\t\t<div class=\"elementor-widget-container\">\n\t\t\t\t\t\t\t\t\t\t\t\t\t\t\t<img fetchpriority=\"high\" decoding=\"async\" width=\"600\" height=\"800\" src=\"https:\/\/i0.wp.com\/latoiledumenuisier.fr\/wp-content\/uploads\/2025\/03\/pose-de-parquet.webp?fit=600%2C800&amp;ssl=1\" class=\"attachment-large size-large wp-image-1202\" alt=\"\" srcset=\"https:\/\/i0.wp.com\/latoiledumenuisier.fr\/wp-content\/uploads\/2025\/03\/pose-de-parquet.webp?w=600&amp;ssl=1 600w, https:\/\/i0.wp.com\/latoiledumenuisier.fr\/wp-content\/uploads\/2025\/03\/pose-de-parquet.webp?resize=225%2C300&amp;ssl=1 225w\" sizes=\"(max-width: 600px) 100vw, 600px\" \/>\t\t\t\t\t\t\t\t\t\t\t\t\t\t\t<\/div>\n\t\t\t\t<\/div>\n\t\t\t\t\t<\/div>\n\t\t\t\t<\/div>\n\t\t\t\t\t<\/div>\n\t\t\t\t<\/div>\n\t\t<div class=\"elementor-element elementor-element-02e2d59 e-flex e-con-boxed e-con e-parent\" data-id=\"02e2d59\" data-element_type=\"container\" data-e-type=\"container\">\n\t\t\t\t\t<div class=\"e-con-inner\">\n\t\t<div class=\"elementor-element elementor-element-69a832b e-con-full e-flex e-con e-child\" data-id=\"69a832b\" data-element_type=\"container\" data-e-type=\"container\">\n\t\t\t\t<div class=\"elementor-element elementor-element-c5e0995 premium-con-lq__glass1 premium-lq__none elementor-widget elementor-widget-premium-addon-banner\" data-id=\"c5e0995\" data-element_type=\"widget\" data-e-type=\"widget\" data-widget_type=\"premium-addon-banner.default\">\n\t\t\t\t<div class=\"elementor-widget-container\">\n\t\t\t\t\t\t\t<div class=\"premium-banner-ib premium-banner-min-height premium-banner-animation7 none premium-banner__effect-type2\">\n\t\t\t\t\t\t\t<div class=\"premium-banner-border\">\n\t\t\t\t\t<div class=\"premium-banner-br premium-banner-bleft premium-banner-brlr\"><\/div>\n\t\t\t\t\t<div class=\"premium-banner-br premium-banner-bright premium-banner-brlr\"><\/div>\n\t\t\t\t\t<div class=\"premium-banner-br premium-banner-btop premium-banner-brtb\"><\/div>\n\t\t\t\t\t<div class=\"premium-banner-br premium-banner-bottom premium-banner-brtb\"><\/div>\n\t\t\t\t<\/div>\n\t\t\t\t\t\t\t\t\t\t<img decoding=\"async\" width=\"800\" height=\"600\" src=\"https:\/\/i0.wp.com\/latoiledumenuisier.fr\/wp-content\/uploads\/2025\/07\/partenaires-la-toile-du-menuisier.jpg?fit=800%2C600&amp;ssl=1\" class=\"attachment-full size-full wp-image-1296\" alt=\"\" srcset=\"https:\/\/i0.wp.com\/latoiledumenuisier.fr\/wp-content\/uploads\/2025\/07\/partenaires-la-toile-du-menuisier.jpg?w=800&amp;ssl=1 800w, https:\/\/i0.wp.com\/latoiledumenuisier.fr\/wp-content\/uploads\/2025\/07\/partenaires-la-toile-du-menuisier.jpg?resize=300%2C225&amp;ssl=1 300w, https:\/\/i0.wp.com\/latoiledumenuisier.fr\/wp-content\/uploads\/2025\/07\/partenaires-la-toile-du-menuisier.jpg?resize=768%2C576&amp;ssl=1 768w\" sizes=\"(max-width: 800px) 100vw, 800px\" \/>\t\t\t\t\t\t\t\t\t<div class=\"premium-banner-ib-desc\">\n\t\t\t\t\t\t\t\t\t<div class=\"premium-banner-desc-centered\">\n\t\t\t\t\n\t\t\t\t\t\t\t\t\t<h3 class=\"premium-banner-ib-title premium_banner_title\">\n\t\t\t\t\t\tS-D\u00e9co\t\t\t\t\t<\/h3>\n\t\t\t\t\n\t\t\t\t\t\t\t\t\t<div class=\"premium-banner-ib-content premium_banner_content\">\n\t\t\t\t\t\t<div class=\"elementor-element elementor-element-6cc62b06 premium-header-block premium-lq__none premium-box-lq__none elementor-widget elementor-widget-premium-addon-dual-header\" data-id=\"6cc62b06\" data-element_type=\"widget\" data-widget_type=\"premium-addon-dual-header.default\"><div class=\"elementor-widget-container\"><h3 class=\"premium-dual-header-first-header \"><span class=\"premium-dual-header-second-header \">R\u00e9novation et d\u00e9coration d&rsquo;int\u00e9rieur<\/span><\/h3><\/div><\/div><div class=\"elementor-element elementor-element-7719f097 elementor-widget elementor-widget-text-editor\" data-id=\"7719f097\" data-element_type=\"widget\" data-widget_type=\"text-editor.default\"><div class=\"elementor-widget-container\"><p>Nous sommes \u00e0 votre \u00e9coute pour tout projet de r\u00e9novation.<\/p><\/div><\/div>\t\t\t\t\t<\/div>\n\t\t\t\t\n\t\t\t\t\n\t\t\t\t\t\t\t\t<\/div>\n\t\t\t\t\t\t\t<\/div>\n\t\t\t\t\t<\/div>\n\n\t\t\t\t\t\t<\/div>\n\t\t\t\t<\/div>\n\t\t<div class=\"elementor-element elementor-element-243665d e-con-full e-flex e-con e-child\" data-id=\"243665d\" data-element_type=\"container\" data-e-type=\"container\">\n\t\t\t\t<div class=\"elementor-element elementor-element-0e493b8 elementor-view-framed elementor-shape-circle elementor-widget elementor-widget-icon\" data-id=\"0e493b8\" data-element_type=\"widget\" data-e-type=\"widget\" data-widget_type=\"icon.default\">\n\t\t\t\t<div class=\"elementor-widget-container\">\n\t\t\t\t\t\t\t<div class=\"elementor-icon-wrapper\">\n\t\t\t<a class=\"elementor-icon\" href=\"tel:0631933461\">\n\t\t\t<i aria-hidden=\"true\" class=\"fas fa-phone-alt\"><\/i>\t\t\t<\/a>\n\t\t<\/div>\n\t\t\t\t\t\t<\/div>\n\t\t\t\t<\/div>\n\t\t\t\t<div class=\"elementor-element elementor-element-bc05ad2 elementor-view-framed elementor-shape-circle elementor-widget elementor-widget-icon\" data-id=\"bc05ad2\" data-element_type=\"widget\" data-e-type=\"widget\" data-widget_type=\"icon.default\">\n\t\t\t\t<div class=\"elementor-widget-container\">\n\t\t\t\t\t\t\t<div class=\"elementor-icon-wrapper\">\n\t\t\t<a class=\"elementor-icon\" href=\"mailto:s-deco@hotmail.com\">\n\t\t\t<i aria-hidden=\"true\" class=\"far fa-envelope\"><\/i>\t\t\t<\/a>\n\t\t<\/div>\n\t\t\t\t\t\t<\/div>\n\t\t\t\t<\/div>\n\t\t\t\t<\/div>\n\t\t\t\t<\/div>\n\t\t<div class=\"elementor-element elementor-element-44e19af e-con-full e-flex e-con e-child\" data-id=\"44e19af\" data-element_type=\"container\" data-e-type=\"container\">\n\t\t\t\t<div class=\"elementor-element elementor-element-ad127c3 premium-con-lq__glass1 premium-lq__none elementor-widget elementor-widget-premium-addon-banner\" data-id=\"ad127c3\" data-element_type=\"widget\" data-e-type=\"widget\" data-widget_type=\"premium-addon-banner.default\">\n\t\t\t\t<div class=\"elementor-widget-container\">\n\t\t\t\t\t\t\t<div class=\"premium-banner-ib premium-banner-min-height premium-banner-animation7 none premium-banner__effect-type2\">\n\t\t\t\t\t\t\t<div class=\"premium-banner-border\">\n\t\t\t\t\t<div class=\"premium-banner-br premium-banner-bleft premium-banner-brlr\"><\/div>\n\t\t\t\t\t<div class=\"premium-banner-br premium-banner-bright premium-banner-brlr\"><\/div>\n\t\t\t\t\t<div class=\"premium-banner-br premium-banner-btop premium-banner-brtb\"><\/div>\n\t\t\t\t\t<div class=\"premium-banner-br premium-banner-bottom premium-banner-brtb\"><\/div>\n\t\t\t\t<\/div>\n\t\t\t\t\t\t\t\t\t\t<img decoding=\"async\" width=\"800\" height=\"600\" src=\"https:\/\/i0.wp.com\/latoiledumenuisier.fr\/wp-content\/uploads\/2025\/07\/partenaires-la-toile-du-menuisier2.jpg?fit=800%2C600&amp;ssl=1\" class=\"attachment-full size-full wp-image-1297\" alt=\"\" srcset=\"https:\/\/i0.wp.com\/latoiledumenuisier.fr\/wp-content\/uploads\/2025\/07\/partenaires-la-toile-du-menuisier2.jpg?w=800&amp;ssl=1 800w, https:\/\/i0.wp.com\/latoiledumenuisier.fr\/wp-content\/uploads\/2025\/07\/partenaires-la-toile-du-menuisier2.jpg?resize=300%2C225&amp;ssl=1 300w, https:\/\/i0.wp.com\/latoiledumenuisier.fr\/wp-content\/uploads\/2025\/07\/partenaires-la-toile-du-menuisier2.jpg?resize=768%2C576&amp;ssl=1 768w\" sizes=\"(max-width: 800px) 100vw, 800px\" \/>\t\t\t\t\t\t\t\t\t<div class=\"premium-banner-ib-desc\">\n\t\t\t\t\t\t\t\t\t<div class=\"premium-banner-desc-centered\">\n\t\t\t\t\n\t\t\t\t\t\t\t\t\t<h3 class=\"premium-banner-ib-title premium_banner_title\">\n\t\t\t\t\t\tEFC Elec\t\t\t\t\t<\/h3>\n\t\t\t\t\n\t\t\t\t\t\t\t\t\t<div class=\"premium-banner-ib-content premium_banner_content\">\n\t\t\t\t\t\t<div class=\"elementor-element elementor-element-6cc62b06 premium-header-block premium-lq__none premium-box-lq__none elementor-widget elementor-widget-premium-addon-dual-header\" data-id=\"6cc62b06\" data-element_type=\"widget\" data-widget_type=\"premium-addon-dual-header.default\"><div class=\"elementor-widget-container\"><div class=\"elementor-element elementor-element-21c6b096 premium-header-block premium-lq__none premium-box-lq__none elementor-widget elementor-widget-premium-addon-dual-header\" data-id=\"21c6b096\" data-element_type=\"widget\" data-widget_type=\"premium-addon-dual-header.default\"><div class=\"elementor-widget-container\"><h3 class=\"premium-dual-header-first-header \"><span class=\"premium-dual-header-second-header \">Electricien professionnel<\/span><\/h3><\/div><\/div><div class=\"elementor-element elementor-element-614aa9f2 elementor-widget elementor-widget-text-editor\" data-id=\"614aa9f2\" data-element_type=\"widget\" data-widget_type=\"text-editor.default\"><div class=\"elementor-widget-container\"><p>Je me rends disponible pour des conseils et la r\u00e9novation de votre installation \u00e9lectrique.\u00a0<\/p><\/div><\/div><\/div><\/div>\t\t\t\t\t<\/div>\n\t\t\t\t\n\t\t\t\t\n\t\t\t\t\t\t\t\t<\/div>\n\t\t\t\t\t\t\t<\/div>\n\t\t\t\t\t<\/div>\n\n\t\t\t\t\t\t<\/div>\n\t\t\t\t<\/div>\n\t\t<div class=\"elementor-element elementor-element-f20809c e-con-full e-flex e-con e-child\" data-id=\"f20809c\" data-element_type=\"container\" data-e-type=\"container\">\n\t\t\t\t<div class=\"elementor-element elementor-element-129a1f4 elementor-view-framed elementor-shape-circle elementor-widget elementor-widget-icon\" data-id=\"129a1f4\" data-element_type=\"widget\" data-e-type=\"widget\" data-widget_type=\"icon.default\">\n\t\t\t\t<div class=\"elementor-widget-container\">\n\t\t\t\t\t\t\t<div class=\"elementor-icon-wrapper\">\n\t\t\t<a class=\"elementor-icon\" href=\"tel:0686258311\">\n\t\t\t<i aria-hidden=\"true\" class=\"fas fa-phone-alt\"><\/i>\t\t\t<\/a>\n\t\t<\/div>\n\t\t\t\t\t\t<\/div>\n\t\t\t\t<\/div>\n\t\t\t\t<div class=\"elementor-element elementor-element-6310430 elementor-view-framed elementor-shape-circle elementor-widget elementor-widget-icon\" data-id=\"6310430\" data-element_type=\"widget\" data-e-type=\"widget\" data-widget_type=\"icon.default\">\n\t\t\t\t<div class=\"elementor-widget-container\">\n\t\t\t\t\t\t\t<div class=\"elementor-icon-wrapper\">\n\t\t\t<a class=\"elementor-icon\" href=\"mailto:efcelec@orange.fr\">\n\t\t\t<i aria-hidden=\"true\" class=\"far fa-envelope\"><\/i>\t\t\t<\/a>\n\t\t<\/div>\n\t\t\t\t\t\t<\/div>\n\t\t\t\t<\/div>\n\t\t\t\t<\/div>\n\t\t\t\t<\/div>\n\t\t<div class=\"elementor-element elementor-element-65e7aa7 e-con-full e-flex e-con e-child\" data-id=\"65e7aa7\" data-element_type=\"container\" data-e-type=\"container\">\n\t\t\t\t<div class=\"elementor-element elementor-element-53323d6d premium-con-lq__glass1 premium-lq__none elementor-widget elementor-widget-premium-addon-banner\" data-id=\"53323d6d\" data-element_type=\"widget\" data-e-type=\"widget\" data-widget_type=\"premium-addon-banner.default\">\n\t\t\t\t<div class=\"elementor-widget-container\">\n\t\t\t\t\t\t\t<div class=\"premium-banner-ib premium-banner-min-height premium-banner-animation7 none premium-banner__effect-type2\">\n\t\t\t\t\t\t\t<div class=\"premium-banner-border\">\n\t\t\t\t\t<div class=\"premium-banner-br premium-banner-bleft premium-banner-brlr\"><\/div>\n\t\t\t\t\t<div class=\"premium-banner-br premium-banner-bright premium-banner-brlr\"><\/div>\n\t\t\t\t\t<div class=\"premium-banner-br premium-banner-btop premium-banner-brtb\"><\/div>\n\t\t\t\t\t<div class=\"premium-banner-br premium-banner-bottom premium-banner-brtb\"><\/div>\n\t\t\t\t<\/div>\n\t\t\t\t\t\t\t\t\t\t<img loading=\"lazy\" decoding=\"async\" width=\"800\" height=\"600\" src=\"https:\/\/i0.wp.com\/latoiledumenuisier.fr\/wp-content\/uploads\/2025\/07\/partenaires-la-toile-du-menuisier3.jpg?fit=800%2C600&amp;ssl=1\" class=\"attachment-full size-full wp-image-1298\" alt=\"\" srcset=\"https:\/\/i0.wp.com\/latoiledumenuisier.fr\/wp-content\/uploads\/2025\/07\/partenaires-la-toile-du-menuisier3.jpg?w=800&amp;ssl=1 800w, https:\/\/i0.wp.com\/latoiledumenuisier.fr\/wp-content\/uploads\/2025\/07\/partenaires-la-toile-du-menuisier3.jpg?resize=300%2C225&amp;ssl=1 300w, https:\/\/i0.wp.com\/latoiledumenuisier.fr\/wp-content\/uploads\/2025\/07\/partenaires-la-toile-du-menuisier3.jpg?resize=768%2C576&amp;ssl=1 768w\" sizes=\"(max-width: 800px) 100vw, 800px\" \/>\t\t\t\t\t\t\t\t\t<div class=\"premium-banner-ib-desc\">\n\t\t\t\t\t\t\t\t\t<div class=\"premium-banner-desc-centered\">\n\t\t\t\t\n\t\t\t\t\t\t\t\t\t<h3 class=\"premium-banner-ib-title premium_banner_title\">\n\t\t\t\t\t\tLa Maison des Travaux\t\t\t\t\t<\/h3>\n\t\t\t\t\n\t\t\t\t\t\t\t\t\t<div class=\"premium-banner-ib-content premium_banner_content\">\n\t\t\t\t\t\t<div class=\"elementor-element elementor-element-6cc62b06 premium-header-block premium-lq__none premium-box-lq__none elementor-widget elementor-widget-premium-addon-dual-header\" data-id=\"6cc62b06\" data-element_type=\"widget\" data-widget_type=\"premium-addon-dual-header.default\"><div class=\"elementor-widget-container\"><div class=\"elementor-element elementor-element-7911a17b premium-header-block premium-lq__none premium-box-lq__none elementor-widget elementor-widget-premium-addon-dual-header\" data-id=\"7911a17b\" data-element_type=\"widget\" data-widget_type=\"premium-addon-dual-header.default\"><div class=\"elementor-widget-container\"><h3 class=\"premium-dual-header-first-header \"><span class=\"premium-dual-header-second-header \">Vos travaux de A \u00e0 Z<\/span><\/h3><\/div><\/div><div class=\"elementor-element elementor-element-23ca7973 elementor-widget elementor-widget-text-editor\" data-id=\"23ca7973\" data-element_type=\"widget\" data-widget_type=\"text-editor.default\"><div class=\"elementor-widget-container\"><p>Nous prenons en charge votre projet. Vous r\u00e9cup\u00e9rez votre bien cl\u00e9 en main une fois fini.<\/p><\/div><\/div><\/div><\/div>\t\t\t\t\t<\/div>\n\t\t\t\t\n\t\t\t\t\n\t\t\t\t\t\t\t\t<\/div>\n\t\t\t\t\t\t\t<\/div>\n\t\t\t\t\t<\/div>\n\n\t\t\t\t\t\t<\/div>\n\t\t\t\t<\/div>\n\t\t<div class=\"elementor-element elementor-element-aa095b4 e-con-full e-flex e-con e-child\" data-id=\"aa095b4\" data-element_type=\"container\" data-e-type=\"container\">\n\t\t\t\t<div class=\"elementor-element elementor-element-7907bf0 elementor-view-framed elementor-shape-circle elementor-widget elementor-widget-icon\" data-id=\"7907bf0\" data-element_type=\"widget\" data-e-type=\"widget\" data-widget_type=\"icon.default\">\n\t\t\t\t<div class=\"elementor-widget-container\">\n\t\t\t\t\t\t\t<div class=\"elementor-icon-wrapper\">\n\t\t\t<a class=\"elementor-icon\" href=\"tel:0761038181\">\n\t\t\t<i aria-hidden=\"true\" class=\"fas fa-phone-alt\"><\/i>\t\t\t<\/a>\n\t\t<\/div>\n\t\t\t\t\t\t<\/div>\n\t\t\t\t<\/div>\n\t\t\t\t<\/div>\n\t\t\t\t<\/div>\n\t\t\t\t\t<\/div>\n\t\t\t\t<\/div>\n\t\t<div class=\"elementor-element elementor-element-a50c1f8 e-con-full e-flex e-con e-parent\" data-id=\"a50c1f8\" data-element_type=\"container\" data-e-type=\"container\">\n\t\t<div class=\"elementor-element elementor-element-893fe07 e-con-full e-flex e-con e-child\" data-id=\"893fe07\" data-element_type=\"container\" data-e-type=\"container\" data-settings=\"{&quot;background_background&quot;:&quot;classic&quot;}\">\n\t\t<div class=\"elementor-element elementor-element-fa6f9cc e-con-full e-flex e-con e-child\" data-id=\"fa6f9cc\" data-element_type=\"container\" data-e-type=\"container\">\n\t\t<div class=\"elementor-element elementor-element-9b4be9d e-con-full e-flex e-con e-child\" data-id=\"9b4be9d\" data-element_type=\"container\" data-e-type=\"container\">\n\t\t\t\t<div class=\"elementor-element elementor-element-85a5edc elementor-widget elementor-widget-heading\" data-id=\"85a5edc\" data-element_type=\"widget\" data-e-type=\"widget\" data-widget_type=\"heading.default\">\n\t\t\t\t<div class=\"elementor-widget-container\">\n\t\t\t\t\t<p class=\"elementor-heading-title elementor-size-default\">\u00a92025 La Toile du Menuisier.<\/p>\t\t\t\t<\/div>\n\t\t\t\t<\/div>\n\t\t\t\t<div class=\"elementor-element elementor-element-c0eb61b elementor-widget elementor-widget-heading\" data-id=\"c0eb61b\" data-element_type=\"widget\" data-e-type=\"widget\" data-widget_type=\"heading.default\">\n\t\t\t\t<div class=\"elementor-widget-container\">\n\t\t\t\t\t<p class=\"elementor-heading-title elementor-size-default\"><a href=\"https:\/\/latoiledumenuisier.fr\/index.php\/mentions-legales\/\">Mentions l\u00e9gales.<\/a><\/p>\t\t\t\t<\/div>\n\t\t\t\t<\/div>\n\t\t\t\t<\/div>\n\t\t<div class=\"elementor-element elementor-element-2897b8d e-con-full e-flex e-con e-child\" data-id=\"2897b8d\" data-element_type=\"container\" data-e-type=\"container\">\n\t\t\t\t<div class=\"elementor-element elementor-element-d017b27 elementor-view-framed elementor-shape-circle elementor-widget elementor-widget-icon\" data-id=\"d017b27\" data-element_type=\"widget\" data-e-type=\"widget\" data-widget_type=\"icon.default\">\n\t\t\t\t<div class=\"elementor-widget-container\">\n\t\t\t\t\t\t\t<div class=\"elementor-icon-wrapper\">\n\t\t\t<a class=\"elementor-icon\" href=\"tel:0616490565\">\n\t\t\t<i aria-hidden=\"true\" class=\"fas fa-phone-alt\"><\/i>\t\t\t<\/a>\n\t\t<\/div>\n\t\t\t\t\t\t<\/div>\n\t\t\t\t<\/div>\n\t\t\t\t<div class=\"elementor-element elementor-element-d617be5 elementor-view-framed elementor-shape-circle elementor-widget elementor-widget-icon\" data-id=\"d617be5\" data-element_type=\"widget\" data-e-type=\"widget\" data-widget_type=\"icon.default\">\n\t\t\t\t<div class=\"elementor-widget-container\">\n\t\t\t\t\t\t\t<div class=\"elementor-icon-wrapper\">\n\t\t\t<a class=\"elementor-icon\" href=\"mailto:latoiledumenuisier@gmail.com\">\n\t\t\t<i aria-hidden=\"true\" class=\"far fa-envelope\"><\/i>\t\t\t<\/a>\n\t\t<\/div>\n\t\t\t\t\t\t<\/div>\n\t\t\t\t<\/div>\n\t\t\t\t<\/div>\n\t\t<div class=\"elementor-element elementor-element-b022e96 e-con-full e-flex e-con e-child\" data-id=\"b022e96\" data-element_type=\"container\" data-e-type=\"container\">\n\t\t\t\t<div class=\"elementor-element elementor-element-7220562 elementor-widget elementor-widget-heading\" data-id=\"7220562\" data-element_type=\"widget\" data-e-type=\"widget\" data-widget_type=\"heading.default\">\n\t\t\t\t<div class=\"elementor-widget-container\">\n\t\t\t\t\t<p class=\"elementor-heading-title elementor-size-default\"><a href=\"https:\/\/whitepapercom.fr\">Conception : White Paper Communication<\/a><\/p>\t\t\t\t<\/div>\n\t\t\t\t<\/div>\n\t\t\t\t<\/div>\n\t\t\t\t<\/div>\n\t\t\t\t<\/div>\n\t\t\t\t<\/div>\n\t\t\t\t<\/div>\n\t\t","protected":false},"excerpt":{"rendered":"<p>R\u00e9novation en embellissement Un projet d&rsquo;agencement d&rsquo;interieur ou de r\u00e9novation de votre habitat ? La Toile du menuisier et en partenariat avec Sdeco pour la r\u00e9novation int\u00e9rieure, EFC Elec pour vos installations \u00e9lectriques int\u00e9rieures et ext\u00e9rieures et La Maison des Travaux pour la gestion compl\u00e8te de votre projet de r\u00e9novation ou construction.\u00a0 Gr\u00e2ce \u00e0 ce [&hellip;]<\/p>\n","protected":false},"author":2,"featured_media":0,"parent":0,"menu_order":0,"comment_status":"closed","ping_status":"closed","template":"elementor_header_footer","meta":{"om_disable_all_campaigns":false,"_monsterinsights_skip_tracking":false,"_monsterinsights_sitenote_active":false,"_monsterinsights_sitenote_note":"","_monsterinsights_sitenote_category":0,"footnotes":""},"class_list":["post-437","page","type-page","status-publish","hentry","entry"],"aioseo_notices":[],"jetpack_sharing_enabled":true,"_links":{"self":[{"href":"https:\/\/latoiledumenuisier.fr\/index.php\/wp-json\/wp\/v2\/pages\/437","targetHints":{"allow":["GET"]}}],"collection":[{"href":"https:\/\/latoiledumenuisier.fr\/index.php\/wp-json\/wp\/v2\/pages"}],"about":[{"href":"https:\/\/latoiledumenuisier.fr\/index.php\/wp-json\/wp\/v2\/types\/page"}],"author":[{"embeddable":true,"href":"https:\/\/latoiledumenuisier.fr\/index.php\/wp-json\/wp\/v2\/users\/2"}],"replies":[{"embeddable":true,"href":"https:\/\/latoiledumenuisier.fr\/index.php\/wp-json\/wp\/v2\/comments?post=437"}],"version-history":[{"count":109,"href":"https:\/\/latoiledumenuisier.fr\/index.php\/wp-json\/wp\/v2\/pages\/437\/revisions"}],"predecessor-version":[{"id":1333,"href":"https:\/\/latoiledumenuisier.fr\/index.php\/wp-json\/wp\/v2\/pages\/437\/revisions\/1333"}],"wp:attachment":[{"href":"https:\/\/latoiledumenuisier.fr\/index.php\/wp-json\/wp\/v2\/media?parent=437"}],"curies":[{"name":"wp","href":"https:\/\/api.w.org\/{rel}","templated":true}]}}